{"id":15,"date":"2015-03-23T11:29:32","date_gmt":"2015-03-23T10:29:32","guid":{"rendered":"http:\/\/rechtsanwalt-kraske.de\/data\/?page_id=15"},"modified":"2017-12-11T09:34:21","modified_gmt":"2017-12-11T08:34:21","slug":"zur-person","status":"publish","type":"page","link":"https:\/\/www.rechtsanwalt-kraske.de\/?page_id=15","title":{"rendered":"ZUR PERSON"},"content":{"rendered":"<p><a href=\"http:\/\/rechtsanwalt-kraske.de\/wp-content\/uploads\/2015\/03\/portrait_neu-e1433750207621.jpg\"><img loading=\"lazy\" decoding=\"async\" class=\"alignleft wp-image-174 size-full\" style=\"margin-bottom: 30px; margin-right: 30px;\" src=\"http:\/\/www.rechtsanwalt-kraske.de\/wp-content\/uploads\/2015\/03\/portrait_neu-e1433750207621.jpg\" alt=\"\" width=\"300\" height=\"300\" srcset=\"https:\/\/www.rechtsanwalt-kraske.de\/wp-content\/uploads\/2015\/03\/portrait_neu-e1433750207621.jpg 300w, https:\/\/www.rechtsanwalt-kraske.de\/wp-content\/uploads\/2015\/03\/portrait_neu-e1433750207621-150x150.jpg 150w\" sizes=\"auto, (max-width: 300px) 100vw, 300px\" \/><\/a>Geboren 1955 in Berlin<br \/>\nVerheiratet, drei T\u00f6chter<br \/>\nSeit 1998 als Rechtsanwalt in Berlin niedergelassen<\/p>\n<p>Mitglied in der Berliner Arbeitsgemeinschaft der Mietrechtspraktiker (BAM)<br \/>\nMitglied in der Berliner Arbeitsgemeinschaft f\u00fcr das Wohnungseigentumsrecht (BAW)<\/p>\n<p><strong><br \/>\nIn B\u00fcrogemeinschaft mit:<\/strong><\/p>\n<p>Rechtsanwalt Christoph Albrecht<br \/>\nRechtsanw\u00e4lte Harnisch &amp; Partner<br \/>\nAbogada Montserrat Gonzalez Tovar<\/p>\n","protected":false},"excerpt":{"rendered":"<p>Geboren 1955 in Berlin Verheiratet, drei T\u00f6chter Seit 1998 als Rechtsanwalt in Berlin niedergelassen Mitglied in der Berliner Arbeitsgemeinschaft der Mietrechtspraktiker (BAM) Mitglied in der Berliner Arbeitsgemeinschaft f\u00fcr das Wohnungseigentumsrecht (BAW) In B\u00fcrogemeinschaft mit: Rechtsanwalt Christoph Albrecht Rechtsanw\u00e4lte Harnisch &amp; Partner Abogada Montserrat Gonzalez Tovar<\/p>\n","protected":false},"author":1,"featured_media":0,"parent":0,"menu_order":0,"comment_status":"open","ping_status":"open","template":"","meta":{"footnotes":""},"class_list":["post-15","page","type-page","status-publish","hentry"],"_links":{"self":[{"href":"https:\/\/www.rechtsanwalt-kraske.de\/index.php?rest_route=\/wp\/v2\/pages\/15","targetHints":{"allow":["GET"]}}],"collection":[{"href":"https:\/\/www.rechtsanwalt-kraske.de\/index.php?rest_route=\/wp\/v2\/pages"}],"about":[{"href":"https:\/\/www.rechtsanwalt-kraske.de\/index.php?rest_route=\/wp\/v2\/types\/page"}],"author":[{"embeddable":true,"href":"https:\/\/www.rechtsanwalt-kraske.de\/index.php?rest_route=\/wp\/v2\/users\/1"}],"replies":[{"embeddable":true,"href":"https:\/\/www.rechtsanwalt-kraske.de\/index.php?rest_route=%2Fwp%2Fv2%2Fcomments&post=15"}],"version-history":[{"count":16,"href":"https:\/\/www.rechtsanwalt-kraske.de\/index.php?rest_route=\/wp\/v2\/pages\/15\/revisions"}],"predecessor-version":[{"id":246,"href":"https:\/\/www.rechtsanwalt-kraske.de\/index.php?rest_route=\/wp\/v2\/pages\/15\/revisions\/246"}],"wp:attachment":[{"href":"https:\/\/www.rechtsanwalt-kraske.de\/index.php?rest_route=%2Fwp%2Fv2%2Fmedia&parent=15"}],"curies":[{"name":"wp","href":"https:\/\/api.w.org\/{rel}","templated":true}]}}